{"id":1266,"date":"2020-10-13T16:34:19","date_gmt":"2020-10-13T16:34:19","guid":{"rendered":"https:\/\/heritagedouro.im-nomade.com\/?post_type=product&#038;p=1266"},"modified":"2024-12-12T16:58:17","modified_gmt":"2024-12-12T16:58:17","slug":"porto-tawny-10-ans-dage-heritage","status":"publish","type":"product","link":"https:\/\/heritage-douro.com\/pt\/product\/porto-tawny-10-ans-dage-heritage","title":{"rendered":"Porto Tawny 10 ans d&#8217;\u00e2ge"},"content":{"rendered":"","protected":false},"excerpt":{"rendered":"<p><span style=\"font-weight: 400;\">Os nossos Vinhos do Porto Tawny envelhecidos s\u00e3o selecionados para potenciar a sua evolu\u00e7\u00e3o. S\u00e3o vinhos que ganham em sabor e intensidade consoante o envelhecimento gra\u00e7as ao qual desenvolvem aromas complexos de frutos secos, caramelo, tabaco, madeira e couro.<\/span><\/p>","protected":false},"featured_media":3202,"comment_status":"open","ping_status":"closed","template":"","meta":{"_acf_changed":false},"product_brand":[],"product_cat":[67,72],"product_tag":[],"class_list":{"0":"post-1266","1":"product","2":"type-product","3":"status-publish","4":"has-post-thumbnail","6":"product_cat-porto","7":"product_cat-porto-tawny","9":"first","10":"outofstock","11":"sale","12":"shipping-taxable","13":"purchasable","14":"product-type-variable"},"acf":[],"_links":{"self":[{"href":"https:\/\/heritage-douro.com\/pt\/wp-json\/wp\/v2\/product\/1266","targetHints":{"allow":["GET"]}}],"collection":[{"href":"https:\/\/heritage-douro.com\/pt\/wp-json\/wp\/v2\/product"}],"about":[{"href":"https:\/\/heritage-douro.com\/pt\/wp-json\/wp\/v2\/types\/product"}],"replies":[{"embeddable":true,"href":"https:\/\/heritage-douro.com\/pt\/wp-json\/wp\/v2\/comments?post=1266"}],"wp:featuredmedia":[{"embeddable":true,"href":"https:\/\/heritage-douro.com\/pt\/wp-json\/wp\/v2\/media\/3202"}],"wp:attachment":[{"href":"https:\/\/heritage-douro.com\/pt\/wp-json\/wp\/v2\/media?parent=1266"}],"wp:term":[{"taxonomy":"product_brand","embeddable":true,"href":"https:\/\/heritage-douro.com\/pt\/wp-json\/wp\/v2\/product_brand?post=1266"},{"taxonomy":"product_cat","embeddable":true,"href":"https:\/\/heritage-douro.com\/pt\/wp-json\/wp\/v2\/product_cat?post=1266"},{"taxonomy":"product_tag","embeddable":true,"href":"https:\/\/heritage-douro.com\/pt\/wp-json\/wp\/v2\/product_tag?post=1266"}],"curies":[{"name":"wp","href":"https:\/\/api.w.org\/{rel}","templated":true}]}}